{"id":2244,"date":"2025-10-13T16:10:23","date_gmt":"2025-10-13T14:10:23","guid":{"rendered":"https:\/\/www.fne94.fr\/?page_id=2244"},"modified":"2025-10-13T16:10:57","modified_gmt":"2025-10-13T14:10:57","slug":"hopitaux-de-saint-maurice","status":"publish","type":"page","link":"https:\/\/www.fne94.fr\/index.php\/hopitaux-de-saint-maurice\/","title":{"rendered":"H\u00f4pitaux de Saint Maurice"},"content":{"rendered":"\t\t<div data-elementor-type=\"wp-page\" data-elementor-id=\"2244\" class=\"elementor elementor-2244\">\n\t\t\t\t\t\t<section class=\"elementor-section elementor-top-section elementor-element elementor-element-ea00b76 elementor-section-boxed elementor-section-height-default elementor-section-height-default\" data-id=\"ea00b76\" data-element_type=\"section\">\n\t\t\t\t\t\t<div class=\"elementor-container elementor-column-gap-default\">\n\t\t\t\t\t<div class=\"elementor-column elementor-col-100 elementor-top-column elementor-element elementor-element-670581c\" data-id=\"670581c\" data-element_type=\"column\">\n\t\t\t<div class=\"elementor-widget-wrap elementor-element-populated\">\n\t\t\t\t\t\t<div class=\"elementor-element elementor-element-a818c5e elementor-grid-eael-col-4 elementor-grid-tablet-eael-col-2 elementor-grid-mobile-eael-col-1 elementor-widget elementor-widget-eael-post-grid\" data-id=\"a818c5e\" data-element_type=\"widget\" data-settings=\"{&quot;eael_post_grid_columns&quot;:&quot;eael-col-4&quot;,&quot;eael_post_grid_columns_tablet&quot;:&quot;eael-col-2&quot;,&quot;eael_post_grid_columns_mobile&quot;:&quot;eael-col-1&quot;}\" data-widget_type=\"eael-post-grid.default\">\n\t\t\t\t<div class=\"elementor-widget-container\">\n\t\t\t<div id=\"eael-post-grid-a818c5e\" class=\"eael-post-grid-container\">\n            <div class=\"eael-post-grid eael-post-appender eael-post-appender-a818c5e eael-post-grid-style-one\" data-layout-mode=\"masonry\"><article class=\"eael-grid-post eael-post-grid-column\" data-id=\"2114\">\n        <div class=\"eael-grid-post-holder\">\n            <div class=\"eael-grid-post-holder-inner\"><div class=\"eael-entry-media\"><div class=\"eael-entry-overlay fade-in\"><i class=\"fas fa-long-arrow-alt-right\" aria-hidden=\"true\"><\/i><a href=\"https:\/\/www.fne94.fr\/index.php\/2025\/10\/03\/concert-de-soutien-au-collectif-pour-lavenir-des-hopitaux-de-saint-maurice-et-les-murets\/\"><\/a><\/div><div class=\"eael-entry-thumbnail \">\n                <img fetchpriority=\"high\" decoding=\"async\" width=\"300\" height=\"197\" src=\"https:\/\/www.fne94.fr\/wp-content\/uploads\/2025\/10\/VF.2025.10.04.AFFICHE-CONCERT-_page-0001-3-300x197.jpg\" class=\"attachment-medium size-medium wp-image-2128\" alt=\"\" srcset=\"https:\/\/www.fne94.fr\/wp-content\/uploads\/2025\/10\/VF.2025.10.04.AFFICHE-CONCERT-_page-0001-3-300x197.jpg 300w, https:\/\/www.fne94.fr\/wp-content\/uploads\/2025\/10\/VF.2025.10.04.AFFICHE-CONCERT-_page-0001-3-1024x673.jpg 1024w, https:\/\/www.fne94.fr\/wp-content\/uploads\/2025\/10\/VF.2025.10.04.AFFICHE-CONCERT-_page-0001-3-768x505.jpg 768w, https:\/\/www.fne94.fr\/wp-content\/uploads\/2025\/10\/VF.2025.10.04.AFFICHE-CONCERT-_page-0001-3.jpg 1065w\" sizes=\"(max-width: 300px) 100vw, 300px\" \/>\n            <\/div>\n        <\/div><div class=\"eael-entry-wrapper\"><header class=\"eael-entry-header\"><h2 class=\"eael-entry-title\"><a\n                        class=\"eael-grid-post-link\"\n                        href=\"https:\/\/www.fne94.fr\/index.php\/2025\/10\/03\/concert-de-soutien-au-collectif-pour-lavenir-des-hopitaux-de-saint-maurice-et-les-murets\/\"\n                        title=\"Concert de soutien le samedi 4 octobre 2025 au collectif pour l&rsquo;avenir des h\u00f4pitaux de Saint-Maurice et les Murets\">Concert de soutien le samedi 4 octobre 2025 au collectif pour l&rsquo;avenir des h\u00f4pitaux de Saint-Maurice et les Murets<\/a><\/h2><\/header><div class=\"eael-entry-content\">\n                        <div class=\"eael-grid-post-excerpt\"><p><\/p><a\n                            href=\"https:\/\/www.fne94.fr\/index.php\/2025\/10\/03\/concert-de-soutien-au-collectif-pour-lavenir-des-hopitaux-de-saint-maurice-et-les-murets\/\"\n                            class=\"eael-post-elements-readmore-btn\">Lire plus<\/a><\/div>\n                    <\/div><div class=\"eael-entry-footer\"><div class=\"eael-entry-meta\"><span class=\"eael-posted-on\"><time datetime=\"3 octobre 2025\">3 octobre 2025<\/time><\/span><\/div><\/div><\/div><\/div>\n        <\/div>\n    <\/article><article class=\"eael-grid-post eael-post-grid-column\" data-id=\"1663\">\n        <div class=\"eael-grid-post-holder\">\n            <div class=\"eael-grid-post-holder-inner\"><div class=\"eael-entry-media\"><div class=\"eael-entry-overlay fade-in\"><i class=\"fas fa-long-arrow-alt-right\" aria-hidden=\"true\"><\/i><a href=\"https:\/\/www.fne94.fr\/index.php\/2024\/03\/07\/soutenez-le-recours-de-fne-94-contre-la-cession-de-lhopital-esquirol-aux-promoteurs-immobiliers\/\"><\/a><\/div><div class=\"eael-entry-thumbnail \">\n                <img decoding=\"async\" width=\"300\" height=\"169\" src=\"https:\/\/www.fne94.fr\/wp-content\/uploads\/2024\/03\/apUCuTGrAJMOFpu-400x225-noPad-300x169.jpg\" class=\"attachment-medium size-medium wp-image-1664\" alt=\"\" srcset=\"https:\/\/www.fne94.fr\/wp-content\/uploads\/2024\/03\/apUCuTGrAJMOFpu-400x225-noPad-300x169.jpg 300w, https:\/\/www.fne94.fr\/wp-content\/uploads\/2024\/03\/apUCuTGrAJMOFpu-400x225-noPad.jpg 400w\" sizes=\"(max-width: 300px) 100vw, 300px\" \/>\n            <\/div>\n        <\/div><div class=\"eael-entry-wrapper\"><header class=\"eael-entry-header\"><h2 class=\"eael-entry-title\"><a\n                        class=\"eael-grid-post-link\"\n                        href=\"https:\/\/www.fne94.fr\/index.php\/2024\/03\/07\/soutenez-le-recours-de-fne-94-contre-la-cession-de-lhopital-esquirol-aux-promoteurs-immobiliers\/\"\n                        title=\"Soutenez le recours de FNE 94 contre l&rsquo;am\u00e9nagement des h\u00f4pitaux de Saint Maurice programm\u00e9 dans le PLUi de PEMB (Paris-Est Marne et Bois)\">Soutenez le recours de FNE 94 contre l&rsquo;am\u00e9nagement des h\u00f4pitaux de Saint Maurice programm\u00e9 dans le PLUi de PEMB (Paris-Est Marne et Bois)<\/a><\/h2><\/header><div class=\"eael-entry-content\">\n                        <div class=\"eael-grid-post-excerpt\"><p>Le nouveau PLUi de Paris Est Marne &amp; Bois, si...<\/p><a\n                            href=\"https:\/\/www.fne94.fr\/index.php\/2024\/03\/07\/soutenez-le-recours-de-fne-94-contre-la-cession-de-lhopital-esquirol-aux-promoteurs-immobiliers\/\"\n                            class=\"eael-post-elements-readmore-btn\">Lire plus<\/a><\/div>\n                    <\/div><div class=\"eael-entry-footer\"><div class=\"eael-entry-meta\"><span class=\"eael-posted-on\"><time datetime=\"7 mars 2024\">7 mars 2024<\/time><\/span><\/div><\/div><\/div><\/div>\n        <\/div>\n    <\/article><article class=\"eael-grid-post eael-post-grid-column\" data-id=\"1567\">\n        <div class=\"eael-grid-post-holder\">\n            <div class=\"eael-grid-post-holder-inner\"><div class=\"eael-entry-media\"><div class=\"eael-entry-overlay fade-in\"><i class=\"fas fa-long-arrow-alt-right\" aria-hidden=\"true\"><\/i><a href=\"https:\/\/www.fne94.fr\/index.php\/2023\/10\/17\/mobilisation-reussie-lors-de-la-manifestation-du-mardi-17-octobre-pour-la-defense-des-hopitaux-de-saint-maurice\/\"><\/a><\/div><div class=\"eael-entry-thumbnail \">\n                <img decoding=\"async\" width=\"300\" height=\"225\" src=\"https:\/\/www.fne94.fr\/wp-content\/uploads\/2023\/10\/image4-300x225.jpeg\" class=\"attachment-medium size-medium wp-image-1569\" alt=\"\" srcset=\"https:\/\/www.fne94.fr\/wp-content\/uploads\/2023\/10\/image4-300x225.jpeg 300w, https:\/\/www.fne94.fr\/wp-content\/uploads\/2023\/10\/image4.jpeg 640w\" sizes=\"(max-width: 300px) 100vw, 300px\" \/>\n            <\/div>\n        <\/div><div class=\"eael-entry-wrapper\"><header class=\"eael-entry-header\"><h2 class=\"eael-entry-title\"><a\n                        class=\"eael-grid-post-link\"\n                        href=\"https:\/\/www.fne94.fr\/index.php\/2023\/10\/17\/mobilisation-reussie-lors-de-la-manifestation-du-mardi-17-octobre-pour-la-defense-des-hopitaux-de-saint-maurice\/\"\n                        title=\"Mobilisation r\u00e9ussie lors de la manifestation du mardi 17 octobre pour la d\u00e9fense des H\u00f4pitaux de Saint-Maurice.\">Mobilisation r\u00e9ussie lors de la manifestation du mardi 17 octobre pour la d\u00e9fense des H\u00f4pitaux de Saint-Maurice.<\/a><\/h2><\/header><div class=\"eael-entry-content\">\n                        <div class=\"eael-grid-post-excerpt\"><p>Une soixantaine de manifestants ont d\u00e9fil\u00e9 entre la mairie de...<\/p><a\n                            href=\"https:\/\/www.fne94.fr\/index.php\/2023\/10\/17\/mobilisation-reussie-lors-de-la-manifestation-du-mardi-17-octobre-pour-la-defense-des-hopitaux-de-saint-maurice\/\"\n                            class=\"eael-post-elements-readmore-btn\">Lire plus<\/a><\/div>\n                    <\/div><div class=\"eael-entry-footer\"><div class=\"eael-entry-meta\"><span class=\"eael-posted-on\"><time datetime=\"17 octobre 2023\">17 octobre 2023<\/time><\/span><\/div><\/div><\/div><\/div>\n        <\/div>\n    <\/article><article class=\"eael-grid-post eael-post-grid-column\" data-id=\"1492\">\n        <div class=\"eael-grid-post-holder\">\n            <div class=\"eael-grid-post-holder-inner\"><div class=\"eael-entry-media\"><div class=\"eael-entry-overlay fade-in\"><i class=\"fas fa-long-arrow-alt-right\" aria-hidden=\"true\"><\/i><a href=\"https:\/\/www.fne94.fr\/index.php\/2023\/09\/25\/appel-a-la-mobilisation-pour-lavenir-des-hopitaux-de-saint-maurice-les-murets\/\"><\/a><\/div><div class=\"eael-entry-thumbnail \">\n                <img loading=\"lazy\" decoding=\"async\" width=\"300\" height=\"226\" src=\"https:\/\/www.fne94.fr\/wp-content\/uploads\/2023\/09\/affiche-manif-17-octobre-300x226.jpg\" class=\"attachment-medium size-medium wp-image-1496\" alt=\"\" srcset=\"https:\/\/www.fne94.fr\/wp-content\/uploads\/2023\/09\/affiche-manif-17-octobre-300x226.jpg 300w, https:\/\/www.fne94.fr\/wp-content\/uploads\/2023\/09\/affiche-manif-17-octobre-1024x772.jpg 1024w, https:\/\/www.fne94.fr\/wp-content\/uploads\/2023\/09\/affiche-manif-17-octobre-768x579.jpg 768w, https:\/\/www.fne94.fr\/wp-content\/uploads\/2023\/09\/affiche-manif-17-octobre-1536x1158.jpg 1536w, https:\/\/www.fne94.fr\/wp-content\/uploads\/2023\/09\/affiche-manif-17-octobre.jpg 1724w\" sizes=\"(max-width: 300px) 100vw, 300px\" \/>\n            <\/div>\n        <\/div><div class=\"eael-entry-wrapper\"><header class=\"eael-entry-header\"><h2 class=\"eael-entry-title\"><a\n                        class=\"eael-grid-post-link\"\n                        href=\"https:\/\/www.fne94.fr\/index.php\/2023\/09\/25\/appel-a-la-mobilisation-pour-lavenir-des-hopitaux-de-saint-maurice-les-murets\/\"\n                        title=\"Manifestation mardi 17 octobre. Rassemblement 16h30 devant la mairie de Saint-Maurice 55 Rue du Mar\u00e9chal Leclerc.\">Manifestation mardi 17 octobre. Rassemblement 16h30 devant la mairie de Saint-Maurice 55 Rue du Mar\u00e9chal Leclerc.<\/a><\/h2><\/header><div class=\"eael-entry-content\">\n                        <div class=\"eael-grid-post-excerpt\"><p>D\u00e9part 17h jusqu\u2019\u00e0 l\u2019entr\u00e9e des H\u00f4pitaux de Saint-Maurice, 14 rue...<\/p><a\n                            href=\"https:\/\/www.fne94.fr\/index.php\/2023\/09\/25\/appel-a-la-mobilisation-pour-lavenir-des-hopitaux-de-saint-maurice-les-murets\/\"\n                            class=\"eael-post-elements-readmore-btn\">Lire plus<\/a><\/div>\n                    <\/div><div class=\"eael-entry-footer\"><div class=\"eael-entry-meta\"><span class=\"eael-posted-on\"><time datetime=\"25 septembre 2023\">25 septembre 2023<\/time><\/span><\/div><\/div><\/div><\/div>\n        <\/div>\n    <\/article><\/div>\n            <div class=\"clearfix\"><\/div>\n        <\/div>\t\t<\/div>\n\t\t\t\t<\/div>\n\t\t\t\t\t<\/div>\n\t\t<\/div>\n\t\t\t\t\t<\/div>\n\t\t<\/section>\n\t\t\t\t<section class=\"elementor-section elementor-top-section elementor-element elementor-element-b090b44 elementor-section-boxed elementor-section-height-default elementor-section-height-default\" data-id=\"b090b44\" data-element_type=\"section\">\n\t\t\t\t\t\t<div class=\"elementor-container elementor-column-gap-default\">\n\t\t\t\t\t<div class=\"elementor-column elementor-col-100 elementor-top-column elementor-element elementor-element-a4fae2f\" data-id=\"a4fae2f\" data-element_type=\"column\">\n\t\t\t<div class=\"elementor-widget-wrap\">\n\t\t\t\t\t\t\t<\/div>\n\t\t<\/div>\n\t\t\t\t\t<\/div>\n\t\t<\/section>\n\t\t\t\t<\/div>\n\t\t","protected":false},"excerpt":{"rendered":"<p>Concert de soutien le samedi 4 octobre 2025 au collectif pour l&rsquo;avenir des h\u00f4pitaux de Saint-Maurice et les Murets Lire plus 3 octobre 2025 Soutenez le recours de FNE 94 contre l&rsquo;am\u00e9nagement des h\u00f4pitaux de Saint Maurice programm\u00e9 dans le PLUi de PEMB (Paris-Est Marne et Bois) Le nouveau PLUi de Paris Est Marne &amp; [&hellip;]<\/p>\n","protected":false},"author":1,"featured_media":0,"parent":0,"menu_order":0,"comment_status":"closed","ping_status":"closed","template":"","meta":{"_exactmetrics_skip_tracking":false,"_exactmetrics_sitenote_active":false,"_exactmetrics_sitenote_note":"","_exactmetrics_sitenote_category":0,"ocean_post_layout":"full-width","ocean_both_sidebars_style":"","ocean_both_sidebars_content_width":0,"ocean_both_sidebars_sidebars_width":0,"ocean_sidebar":"0","ocean_second_sidebar":"0","ocean_disable_margins":"enable","ocean_add_body_class":"","ocean_shortcode_before_top_bar":"","ocean_shortcode_after_top_bar":"","ocean_shortcode_before_header":"","ocean_shortcode_after_header":"","ocean_has_shortcode":"","ocean_shortcode_after_title":"","ocean_shortcode_before_footer_widgets":"","ocean_shortcode_after_footer_widgets":"","ocean_shortcode_before_footer_bottom":"","ocean_shortcode_after_footer_bottom":"","ocean_display_top_bar":"default","ocean_display_header":"default","ocean_header_style":"","ocean_center_header_left_menu":"0","ocean_custom_header_template":"0","ocean_custom_logo":0,"ocean_custom_retina_logo":0,"ocean_custom_logo_max_width":0,"ocean_custom_logo_tablet_max_width":0,"ocean_custom_logo_mobile_max_width":0,"ocean_custom_logo_max_height":0,"ocean_custom_logo_tablet_max_height":0,"ocean_custom_logo_mobile_max_height":0,"ocean_header_custom_menu":"0","ocean_menu_typo_font_family":"0","ocean_menu_typo_font_subset":"","ocean_menu_typo_font_size":0,"ocean_menu_typo_font_size_tablet":0,"ocean_menu_typo_font_size_mobile":0,"ocean_menu_typo_font_size_unit":"px","ocean_menu_typo_font_weight":"","ocean_menu_typo_font_weight_tablet":"","ocean_menu_typo_font_weight_mobile":"","ocean_menu_typo_transform":"","ocean_menu_typo_transform_tablet":"","ocean_menu_typo_transform_mobile":"","ocean_menu_typo_line_height":0,"ocean_menu_typo_line_height_tablet":0,"ocean_menu_typo_line_height_mobile":0,"ocean_menu_typo_line_height_unit":"","ocean_menu_typo_spacing":0,"ocean_menu_typo_spacing_tablet":0,"ocean_menu_typo_spacing_mobile":0,"ocean_menu_typo_spacing_unit":"","ocean_menu_link_color":"","ocean_menu_link_color_hover":"","ocean_menu_link_color_active":"","ocean_menu_link_background":"","ocean_menu_link_hover_background":"","ocean_menu_link_active_background":"","ocean_menu_social_links_bg":"","ocean_menu_social_hover_links_bg":"","ocean_menu_social_links_color":"","ocean_menu_social_hover_links_color":"","ocean_disable_title":"default","ocean_disable_heading":"default","ocean_post_title":"","ocean_post_subheading":"","ocean_post_title_style":"","ocean_post_title_background_color":"","ocean_post_title_background":0,"ocean_post_title_bg_image_position":"","ocean_post_title_bg_image_attachment":"","ocean_post_title_bg_image_repeat":"","ocean_post_title_bg_image_size":"","ocean_post_title_height":0,"ocean_post_title_bg_overlay":0.5,"ocean_post_title_bg_overlay_color":"","ocean_disable_breadcrumbs":"default","ocean_breadcrumbs_color":"","ocean_breadcrumbs_separator_color":"","ocean_breadcrumbs_links_color":"","ocean_breadcrumbs_links_hover_color":"","ocean_display_footer_widgets":"default","ocean_display_footer_bottom":"default","ocean_custom_footer_template":"0","cybocfi_hide_featured_image":"","footnotes":""},"class_list":["post-2244","page","type-page","status-publish","hentry","entry","has-media"],"_links":{"self":[{"href":"https:\/\/www.fne94.fr\/index.php\/wp-json\/wp\/v2\/pages\/2244"}],"collection":[{"href":"https:\/\/www.fne94.fr\/index.php\/wp-json\/wp\/v2\/pages"}],"about":[{"href":"https:\/\/www.fne94.fr\/index.php\/wp-json\/wp\/v2\/types\/page"}],"author":[{"embeddable":true,"href":"https:\/\/www.fne94.fr\/index.php\/wp-json\/wp\/v2\/users\/1"}],"replies":[{"embeddable":true,"href":"https:\/\/www.fne94.fr\/index.php\/wp-json\/wp\/v2\/comments?post=2244"}],"version-history":[{"count":4,"href":"https:\/\/www.fne94.fr\/index.php\/wp-json\/wp\/v2\/pages\/2244\/revisions"}],"predecessor-version":[{"id":2248,"href":"https:\/\/www.fne94.fr\/index.php\/wp-json\/wp\/v2\/pages\/2244\/revisions\/2248"}],"wp:attachment":[{"href":"https:\/\/www.fne94.fr\/index.php\/wp-json\/wp\/v2\/media?parent=2244"}],"curies":[{"name":"wp","href":"https:\/\/api.w.org\/{rel}","templated":true}]}}