{"id":2212,"date":"2025-10-13T15:20:53","date_gmt":"2025-10-13T13:20:53","guid":{"rendered":"https:\/\/www.fne94.fr\/?page_id=2212"},"modified":"2025-10-13T16:03:14","modified_gmt":"2025-10-13T14:03:14","slug":"plui-pemb-etp10","status":"publish","type":"page","link":"https:\/\/www.fne94.fr\/index.php\/plui-pemb-etp10\/","title":{"rendered":"PLUI PEMB (ETP10)"},"content":{"rendered":"\t\t<div data-elementor-type=\"wp-page\" data-elementor-id=\"2212\" class=\"elementor elementor-2212\">\n\t\t\t\t\t\t<section class=\"elementor-section elementor-top-section elementor-element elementor-element-ea00b76 elementor-section-boxed elementor-section-height-default elementor-section-height-default\" data-id=\"ea00b76\" data-element_type=\"section\">\n\t\t\t\t\t\t<div class=\"elementor-container elementor-column-gap-default\">\n\t\t\t\t\t<div class=\"elementor-column elementor-col-100 elementor-top-column elementor-element elementor-element-670581c\" data-id=\"670581c\" data-element_type=\"column\">\n\t\t\t<div class=\"elementor-widget-wrap elementor-element-populated\">\n\t\t\t\t\t\t<div class=\"elementor-element elementor-element-a818c5e elementor-grid-eael-col-4 elementor-grid-tablet-eael-col-2 elementor-grid-mobile-eael-col-1 elementor-widget elementor-widget-eael-post-grid\" data-id=\"a818c5e\" data-element_type=\"widget\" data-settings=\"{&quot;eael_post_grid_columns&quot;:&quot;eael-col-4&quot;,&quot;eael_post_grid_columns_tablet&quot;:&quot;eael-col-2&quot;,&quot;eael_post_grid_columns_mobile&quot;:&quot;eael-col-1&quot;}\" data-widget_type=\"eael-post-grid.default\">\n\t\t\t\t<div class=\"elementor-widget-container\">\n\t\t\t<div id=\"eael-post-grid-a818c5e\" class=\"eael-post-grid-container\">\n            <div class=\"eael-post-grid eael-post-appender eael-post-appender-a818c5e eael-post-grid-style-one\" data-layout-mode=\"masonry\"><article class=\"eael-grid-post eael-post-grid-column\" data-id=\"2069\">\n        <div class=\"eael-grid-post-holder\">\n            <div class=\"eael-grid-post-holder-inner\"><div class=\"eael-entry-media\"><div class=\"eael-entry-overlay fade-in\"><i class=\"fas fa-long-arrow-alt-right\" aria-hidden=\"true\"><\/i><a href=\"https:\/\/www.fne94.fr\/index.php\/2025\/06\/23\/ligne-15-est-une-nouvelle-gare-mais-a-quel-prix-pour-les-riverains-du-perreux\/\"><\/a><\/div><div class=\"eael-entry-thumbnail \">\n                <img fetchpriority=\"high\" decoding=\"async\" width=\"212\" height=\"300\" src=\"https:\/\/www.fne94.fr\/wp-content\/uploads\/2025\/06\/APLP-Ligne-15-Est-1-212x300.jpg\" class=\"attachment-medium size-medium wp-image-2071\" alt=\"\" srcset=\"https:\/\/www.fne94.fr\/wp-content\/uploads\/2025\/06\/APLP-Ligne-15-Est-1-212x300.jpg 212w, https:\/\/www.fne94.fr\/wp-content\/uploads\/2025\/06\/APLP-Ligne-15-Est-1-723x1024.jpg 723w, https:\/\/www.fne94.fr\/wp-content\/uploads\/2025\/06\/APLP-Ligne-15-Est-1-768x1088.jpg 768w, https:\/\/www.fne94.fr\/wp-content\/uploads\/2025\/06\/APLP-Ligne-15-Est-1-1084x1536.jpg 1084w, https:\/\/www.fne94.fr\/wp-content\/uploads\/2025\/06\/APLP-Ligne-15-Est-1.jpg 1445w\" sizes=\"(max-width: 212px) 100vw, 212px\" \/>\n            <\/div>\n        <\/div><div class=\"eael-entry-wrapper\"><header class=\"eael-entry-header\"><h2 class=\"eael-entry-title\"><a\n                        class=\"eael-grid-post-link\"\n                        href=\"https:\/\/www.fne94.fr\/index.php\/2025\/06\/23\/ligne-15-est-une-nouvelle-gare-mais-a-quel-prix-pour-les-riverains-du-perreux\/\"\n                        title=\"Ligne 15 Est &#8211; Une nouvelle gare mais \u00e0 quel prix pour les riverains du Perreux\">Ligne 15 Est &#8211; Une nouvelle gare mais \u00e0 quel prix pour les riverains du Perreux<\/a><\/h2><\/header><div class=\"eael-entry-content\">\n                        <div class=\"eael-grid-post-excerpt\"><p>La gouvernance de la Soci\u00e9t\u00e9 du Grand Paris, devenue Soci\u00e9t\u00e9...<\/p><a\n                            href=\"https:\/\/www.fne94.fr\/index.php\/2025\/06\/23\/ligne-15-est-une-nouvelle-gare-mais-a-quel-prix-pour-les-riverains-du-perreux\/\"\n                            class=\"eael-post-elements-readmore-btn\">Lire plus<\/a><\/div>\n                    <\/div><div class=\"eael-entry-footer\"><div class=\"eael-entry-meta\"><span class=\"eael-posted-on\"><time datetime=\"23 juin 2025\">23 juin 2025<\/time><\/span><\/div><\/div><\/div><\/div>\n        <\/div>\n    <\/article><article class=\"eael-grid-post eael-post-grid-column\" data-id=\"2033\">\n        <div class=\"eael-grid-post-holder\">\n            <div class=\"eael-grid-post-holder-inner\"><div class=\"eael-entry-media\"><div class=\"eael-entry-overlay fade-in\"><i class=\"fas fa-long-arrow-alt-right\" aria-hidden=\"true\"><\/i><a href=\"https:\/\/www.fne94.fr\/index.php\/2025\/04\/15\/soutenez-le-recours-de-fne-94-contre-le-plui-de-paris-marne-et-bois\/\"><\/a><\/div><div class=\"eael-entry-thumbnail \">\n                <img decoding=\"async\" width=\"300\" height=\"225\" src=\"https:\/\/www.fne94.fr\/wp-content\/uploads\/2024\/02\/plui-pemb-crea3-02-2-300x225.png\" class=\"attachment-medium size-medium wp-image-1648\" alt=\"\" srcset=\"https:\/\/www.fne94.fr\/wp-content\/uploads\/2024\/02\/plui-pemb-crea3-02-2-300x225.png 300w, https:\/\/www.fne94.fr\/wp-content\/uploads\/2024\/02\/plui-pemb-crea3-02-2-1024x768.png 1024w, https:\/\/www.fne94.fr\/wp-content\/uploads\/2024\/02\/plui-pemb-crea3-02-2-768x576.png 768w, https:\/\/www.fne94.fr\/wp-content\/uploads\/2024\/02\/plui-pemb-crea3-02-2.png 1333w\" sizes=\"(max-width: 300px) 100vw, 300px\" \/>\n            <\/div>\n        <\/div><div class=\"eael-entry-wrapper\"><header class=\"eael-entry-header\"><h2 class=\"eael-entry-title\"><a\n                        class=\"eael-grid-post-link\"\n                        href=\"https:\/\/www.fne94.fr\/index.php\/2025\/04\/15\/soutenez-le-recours-de-fne-94-contre-le-plui-de-paris-marne-et-bois\/\"\n                        title=\"SOUTENEZ LE RECOURS DE FNE 94\u00a0 CONTRE LE\u00a0 PLUI de PARIS EST MARNE ET BOIS\">SOUTENEZ LE RECOURS DE FNE 94\u00a0 CONTRE LE\u00a0 PLUI de PARIS EST MARNE ET BOIS<\/a><\/h2><\/header><div class=\"eael-entry-content\">\n                        <div class=\"eael-grid-post-excerpt\"><p>SOUTENEZ LE RECOURS DE FNE 94\u00a0 CONTRE LE\u00a0 PLUI de...<\/p><a\n                            href=\"https:\/\/www.fne94.fr\/index.php\/2025\/04\/15\/soutenez-le-recours-de-fne-94-contre-le-plui-de-paris-marne-et-bois\/\"\n                            class=\"eael-post-elements-readmore-btn\">Lire plus<\/a><\/div>\n                    <\/div><div class=\"eael-entry-footer\"><div class=\"eael-entry-meta\"><span class=\"eael-posted-on\"><time datetime=\"15 avril 2025\">15 avril 2025<\/time><\/span><\/div><\/div><\/div><\/div>\n        <\/div>\n    <\/article><article class=\"eael-grid-post eael-post-grid-column\" data-id=\"1932\">\n        <div class=\"eael-grid-post-holder\">\n            <div class=\"eael-grid-post-holder-inner\"><div class=\"eael-entry-media\"><div class=\"eael-entry-overlay fade-in\"><i class=\"fas fa-long-arrow-alt-right\" aria-hidden=\"true\"><\/i><a href=\"https:\/\/www.fne94.fr\/index.php\/2025\/01\/27\/qui-veut-dune-tour-de-100-metres-de-haut-a-villiers-sur-marne\/\"><\/a><\/div><div class=\"eael-entry-thumbnail \">\n                <img decoding=\"async\" width=\"300\" height=\"150\" src=\"https:\/\/www.fne94.fr\/wp-content\/uploads\/2025\/01\/Balcon-002-300x150.jpg\" class=\"attachment-medium size-medium wp-image-1933\" alt=\"\" srcset=\"https:\/\/www.fne94.fr\/wp-content\/uploads\/2025\/01\/Balcon-002-300x150.jpg 300w, https:\/\/www.fne94.fr\/wp-content\/uploads\/2025\/01\/Balcon-002-1024x512.jpg 1024w, https:\/\/www.fne94.fr\/wp-content\/uploads\/2025\/01\/Balcon-002-768x384.jpg 768w, https:\/\/www.fne94.fr\/wp-content\/uploads\/2025\/01\/Balcon-002.jpg 1100w\" sizes=\"(max-width: 300px) 100vw, 300px\" \/>\n            <\/div>\n        <\/div><div class=\"eael-entry-wrapper\"><header class=\"eael-entry-header\"><h2 class=\"eael-entry-title\"><a\n                        class=\"eael-grid-post-link\"\n                        href=\"https:\/\/www.fne94.fr\/index.php\/2025\/01\/27\/qui-veut-dune-tour-de-100-metres-de-haut-a-villiers-sur-marne\/\"\n                        title=\"QUI VEUT D\u2019UNE TOUR DE 100 METRES DE HAUT A VILLIERS-SUR-MARNE\u00a0?\">QUI VEUT D\u2019UNE TOUR DE 100 METRES DE HAUT A VILLIERS-SUR-MARNE\u00a0?<\/a><\/h2><\/header><div class=\"eael-entry-content\">\n                        <div class=\"eael-grid-post-excerpt\"><p>Le projet \u00ab\u00a0Marne Europe\u00a0\u00bb, \u00e0 l\u2019ouest de Villiers-sur-Marne, consiste \u00e0...<\/p><a\n                            href=\"https:\/\/www.fne94.fr\/index.php\/2025\/01\/27\/qui-veut-dune-tour-de-100-metres-de-haut-a-villiers-sur-marne\/\"\n                            class=\"eael-post-elements-readmore-btn\">Lire plus<\/a><\/div>\n                    <\/div><div class=\"eael-entry-footer\"><div class=\"eael-entry-meta\"><span class=\"eael-posted-on\"><time datetime=\"27 janvier 2025\">27 janvier 2025<\/time><\/span><\/div><\/div><\/div><\/div>\n        <\/div>\n    <\/article><article class=\"eael-grid-post eael-post-grid-column\" data-id=\"1889\">\n        <div class=\"eael-grid-post-holder\">\n            <div class=\"eael-grid-post-holder-inner\"><div class=\"eael-entry-media\"><div class=\"eael-entry-overlay fade-in\"><i class=\"fas fa-long-arrow-alt-right\" aria-hidden=\"true\"><\/i><a href=\"https:\/\/www.fne94.fr\/index.php\/2024\/11\/25\/fne94-depose-un-recours-en-annulation-du-plui-en-annulation-de-paris-est-marne-et-bois-copy\/\"><\/a><\/div><div class=\"eael-entry-thumbnail \">\n                <img loading=\"lazy\" decoding=\"async\" width=\"235\" height=\"214\" src=\"https:\/\/www.fne94.fr\/wp-content\/uploads\/2024\/10\/PEMB.jpeg\" class=\"attachment-medium size-medium wp-image-1768\" alt=\"\" \/>\n            <\/div>\n        <\/div><div class=\"eael-entry-wrapper\"><header class=\"eael-entry-header\"><h2 class=\"eael-entry-title\"><a\n                        class=\"eael-grid-post-link\"\n                        href=\"https:\/\/www.fne94.fr\/index.php\/2024\/11\/25\/fne94-depose-un-recours-en-annulation-du-plui-en-annulation-de-paris-est-marne-et-bois-copy\/\"\n                        title=\"RECOURS CONTRE UN PLUI DENSIFICATEUR DANS LE VAL-DE-MARNE\">RECOURS CONTRE UN PLUI DENSIFICATEUR DANS LE VAL-DE-MARNE<\/a><\/h2><\/header><div class=\"eael-entry-content\">\n                        <div class=\"eael-grid-post-excerpt\"><p>Le Territoire \u00ab\u00a0Paris Est Marne et Bois\u00a0\u00bb (PEMB, T10) regroupe...<\/p><a\n                            href=\"https:\/\/www.fne94.fr\/index.php\/2024\/11\/25\/fne94-depose-un-recours-en-annulation-du-plui-en-annulation-de-paris-est-marne-et-bois-copy\/\"\n                            class=\"eael-post-elements-readmore-btn\">Lire plus<\/a><\/div>\n                    <\/div><div class=\"eael-entry-footer\"><div class=\"eael-entry-meta\"><span class=\"eael-posted-on\"><time datetime=\"25 novembre 2024\">25 novembre 2024<\/time><\/span><\/div><\/div><\/div><\/div>\n        <\/div>\n    <\/article><article class=\"eael-grid-post eael-post-grid-column\" data-id=\"1806\">\n        <div class=\"eael-grid-post-holder\">\n            <div class=\"eael-grid-post-holder-inner\"><div class=\"eael-entry-media\"><div class=\"eael-entry-overlay fade-in\"><i class=\"fas fa-long-arrow-alt-right\" aria-hidden=\"true\"><\/i><a href=\"https:\/\/www.fne94.fr\/index.php\/2024\/11\/19\/bus-bords-de-marne-la-contribution-dagir-pour-le-perreux-sur-marne-a-lenquete-publique\/\"><\/a><\/div><div class=\"eael-entry-thumbnail \">\n                <img loading=\"lazy\" decoding=\"async\" width=\"282\" height=\"300\" src=\"https:\/\/www.fne94.fr\/wp-content\/uploads\/2024\/11\/0-282x300.jpg\" class=\"attachment-medium size-medium wp-image-1823\" alt=\"\" srcset=\"https:\/\/www.fne94.fr\/wp-content\/uploads\/2024\/11\/0-282x300.jpg 282w, https:\/\/www.fne94.fr\/wp-content\/uploads\/2024\/11\/0-961x1024.jpg 961w, https:\/\/www.fne94.fr\/wp-content\/uploads\/2024\/11\/0-768x818.jpg 768w, https:\/\/www.fne94.fr\/wp-content\/uploads\/2024\/11\/0-1442x1536.jpg 1442w, https:\/\/www.fne94.fr\/wp-content\/uploads\/2024\/11\/0.jpg 1772w\" sizes=\"(max-width: 282px) 100vw, 282px\" \/>\n            <\/div>\n        <\/div><div class=\"eael-entry-wrapper\"><header class=\"eael-entry-header\"><h2 class=\"eael-entry-title\"><a\n                        class=\"eael-grid-post-link\"\n                        href=\"https:\/\/www.fne94.fr\/index.php\/2024\/11\/19\/bus-bords-de-marne-la-contribution-dagir-pour-le-perreux-sur-marne-a-lenquete-publique\/\"\n                        title=\"BUS BORDS DE MARNE &#8211; La contribution d&rsquo;AGIR POUR LE PERREUX-SUR-MARNE \u00e0 l&rsquo;enqu\u00eate publique\">BUS BORDS DE MARNE &#8211; La contribution d&rsquo;AGIR POUR LE PERREUX-SUR-MARNE \u00e0 l&rsquo;enqu\u00eate publique<\/a><\/h2><\/header><div class=\"eael-entry-content\">\n                        <div class=\"eael-grid-post-excerpt\"><p>D\u00c9CLARATION D&rsquo;UTILIT\u00c9 PUBLIQUE \u00ab\u00a0BUS BORDS DE MARNE\u00a0\u00bbENQU\u00caTE PUBLIQUE du 14\/10...<\/p><a\n                            href=\"https:\/\/www.fne94.fr\/index.php\/2024\/11\/19\/bus-bords-de-marne-la-contribution-dagir-pour-le-perreux-sur-marne-a-lenquete-publique\/\"\n                            class=\"eael-post-elements-readmore-btn\">Lire plus<\/a><\/div>\n                    <\/div><div class=\"eael-entry-footer\"><div class=\"eael-entry-meta\"><span class=\"eael-posted-on\"><time datetime=\"19 novembre 2024\">19 novembre 2024<\/time><\/span><\/div><\/div><\/div><\/div>\n        <\/div>\n    <\/article><article class=\"eael-grid-post eael-post-grid-column\" data-id=\"1762\">\n        <div class=\"eael-grid-post-holder\">\n            <div class=\"eael-grid-post-holder-inner\"><div class=\"eael-entry-media\"><div class=\"eael-entry-overlay fade-in\"><i class=\"fas fa-long-arrow-alt-right\" aria-hidden=\"true\"><\/i><a href=\"https:\/\/www.fne94.fr\/index.php\/2024\/08\/20\/fne94-depose-un-recours-en-annulation-du-plui-en-annulation-de-paris-est-marne-et-bois\/\"><\/a><\/div><div class=\"eael-entry-thumbnail \">\n                <img loading=\"lazy\" decoding=\"async\" width=\"235\" height=\"214\" src=\"https:\/\/www.fne94.fr\/wp-content\/uploads\/2024\/10\/PEMB.jpeg\" class=\"attachment-medium size-medium wp-image-1768\" alt=\"\" \/>\n            <\/div>\n        <\/div><div class=\"eael-entry-wrapper\"><header class=\"eael-entry-header\"><h2 class=\"eael-entry-title\"><a\n                        class=\"eael-grid-post-link\"\n                        href=\"https:\/\/www.fne94.fr\/index.php\/2024\/08\/20\/fne94-depose-un-recours-en-annulation-du-plui-en-annulation-de-paris-est-marne-et-bois\/\"\n                        title=\"FNE94 d\u00e9pose un recours en annulation du  PLUI en annulation de Paris Est Marne et Bois\">FNE94 d\u00e9pose un recours en annulation du  PLUI en annulation de Paris Est Marne et Bois<\/a><\/h2><\/header><div class=\"eael-entry-content\">\n                        <div class=\"eael-grid-post-excerpt\"><p>Les 13 communes de notre territoire \u201cParis-Est Marne et Bois\u201d...<\/p><a\n                            href=\"https:\/\/www.fne94.fr\/index.php\/2024\/08\/20\/fne94-depose-un-recours-en-annulation-du-plui-en-annulation-de-paris-est-marne-et-bois\/\"\n                            class=\"eael-post-elements-readmore-btn\">Lire plus<\/a><\/div>\n                    <\/div><div class=\"eael-entry-footer\"><div class=\"eael-entry-meta\"><span class=\"eael-posted-on\"><time datetime=\"20 ao\u00fbt 2024\">20 ao\u00fbt 2024<\/time><\/span><\/div><\/div><\/div><\/div>\n        <\/div>\n    <\/article><article class=\"eael-grid-post eael-post-grid-column\" data-id=\"1677\">\n        <div class=\"eael-grid-post-holder\">\n            <div class=\"eael-grid-post-holder-inner\"><div class=\"eael-entry-media\"><div class=\"eael-entry-overlay fade-in\"><i class=\"fas fa-long-arrow-alt-right\" aria-hidden=\"true\"><\/i><a href=\"https:\/\/www.fne94.fr\/index.php\/2024\/03\/07\/la-contribution-dagir-pour-le-perreux-membre-de-fne94-au-sdrife\/\"><\/a><\/div><div class=\"eael-entry-thumbnail \">\n                <img loading=\"lazy\" decoding=\"async\" width=\"300\" height=\"210\" src=\"https:\/\/www.fne94.fr\/wp-content\/uploads\/2024\/03\/image-300x210.jpg\" class=\"attachment-medium size-medium wp-image-1678\" alt=\"\" srcset=\"https:\/\/www.fne94.fr\/wp-content\/uploads\/2024\/03\/image-300x210.jpg 300w, https:\/\/www.fne94.fr\/wp-content\/uploads\/2024\/03\/image.jpg 464w\" sizes=\"(max-width: 300px) 100vw, 300px\" \/>\n            <\/div>\n        <\/div><div class=\"eael-entry-wrapper\"><header class=\"eael-entry-header\"><h2 class=\"eael-entry-title\"><a\n                        class=\"eael-grid-post-link\"\n                        href=\"https:\/\/www.fne94.fr\/index.php\/2024\/03\/07\/la-contribution-dagir-pour-le-perreux-membre-de-fne94-au-sdrife\/\"\n                        title=\"La contribution d&rsquo;Agir Pour Le Perreux (membre de FNE94) au SDRIF-E\">La contribution d&rsquo;Agir Pour Le Perreux (membre de FNE94) au SDRIF-E<\/a><\/h2><\/header><div class=\"eael-entry-content\">\n                        <div class=\"eael-grid-post-excerpt\"><p>PROJET DE SCH\u00c9MA DIRECTEUR de la R\u00c9GION ILE DE FRANCE...<\/p><a\n                            href=\"https:\/\/www.fne94.fr\/index.php\/2024\/03\/07\/la-contribution-dagir-pour-le-perreux-membre-de-fne94-au-sdrife\/\"\n                            class=\"eael-post-elements-readmore-btn\">Lire plus<\/a><\/div>\n                    <\/div><div class=\"eael-entry-footer\"><div class=\"eael-entry-meta\"><span class=\"eael-posted-on\"><time datetime=\"7 mars 2024\">7 mars 2024<\/time><\/span><\/div><\/div><\/div><\/div>\n        <\/div>\n    <\/article><article class=\"eael-grid-post eael-post-grid-column\" data-id=\"1636\">\n        <div class=\"eael-grid-post-holder\">\n            <div class=\"eael-grid-post-holder-inner\"><div class=\"eael-entry-media\"><div class=\"eael-entry-overlay fade-in\"><i class=\"fas fa-long-arrow-alt-right\" aria-hidden=\"true\"><\/i><a href=\"https:\/\/www.fne94.fr\/index.php\/2024\/02\/24\/soutenez-le-recours-de-fne-94-contre-le-plui-de-paris-est-marne-et-bois\/\"><\/a><\/div><div class=\"eael-entry-thumbnail \">\n                <img decoding=\"async\" width=\"300\" height=\"225\" src=\"https:\/\/www.fne94.fr\/wp-content\/uploads\/2024\/02\/plui-pemb-crea3-02-2-300x225.png\" class=\"attachment-medium size-medium wp-image-1648\" alt=\"\" srcset=\"https:\/\/www.fne94.fr\/wp-content\/uploads\/2024\/02\/plui-pemb-crea3-02-2-300x225.png 300w, https:\/\/www.fne94.fr\/wp-content\/uploads\/2024\/02\/plui-pemb-crea3-02-2-1024x768.png 1024w, https:\/\/www.fne94.fr\/wp-content\/uploads\/2024\/02\/plui-pemb-crea3-02-2-768x576.png 768w, https:\/\/www.fne94.fr\/wp-content\/uploads\/2024\/02\/plui-pemb-crea3-02-2.png 1333w\" sizes=\"(max-width: 300px) 100vw, 300px\" \/>\n            <\/div>\n        <\/div><div class=\"eael-entry-wrapper\"><header class=\"eael-entry-header\"><h2 class=\"eael-entry-title\"><a\n                        class=\"eael-grid-post-link\"\n                        href=\"https:\/\/www.fne94.fr\/index.php\/2024\/02\/24\/soutenez-le-recours-de-fne-94-contre-le-plui-de-paris-est-marne-et-bois\/\"\n                        title=\"Soutenez le recours de FNE 94 contre le PLUi de Paris-Est Marne et Bois\">Soutenez le recours de FNE 94 contre le PLUi de Paris-Est Marne et Bois<\/a><\/h2><\/header><div class=\"eael-entry-content\">\n                        <div class=\"eael-grid-post-excerpt\"><p>Les 13 communes de notre territoire \u201cParis-Est Marne et Bois\u201d...<\/p><a\n                            href=\"https:\/\/www.fne94.fr\/index.php\/2024\/02\/24\/soutenez-le-recours-de-fne-94-contre-le-plui-de-paris-est-marne-et-bois\/\"\n                            class=\"eael-post-elements-readmore-btn\">Lire plus<\/a><\/div>\n                    <\/div><div class=\"eael-entry-footer\"><div class=\"eael-entry-meta\"><span class=\"eael-posted-on\"><time datetime=\"24 f\u00e9vrier 2024\">24 f\u00e9vrier 2024<\/time><\/span><\/div><\/div><\/div><\/div>\n        <\/div>\n    <\/article><article class=\"eael-grid-post eael-post-grid-column\" data-id=\"1651\">\n        <div class=\"eael-grid-post-holder\">\n            <div class=\"eael-grid-post-holder-inner\"><div class=\"eael-entry-media\"><div class=\"eael-entry-overlay fade-in\"><i class=\"fas fa-long-arrow-alt-right\" aria-hidden=\"true\"><\/i><a href=\"https:\/\/www.fne94.fr\/index.php\/2023\/11\/16\/contribution-et-avis-de-fn\/\"><\/a><\/div><div class=\"eael-entry-thumbnail \">\n                <img decoding=\"async\" width=\"300\" height=\"225\" src=\"https:\/\/www.fne94.fr\/wp-content\/uploads\/2024\/02\/plui-pemb-crea3-02-2-300x225.png\" class=\"attachment-medium size-medium wp-image-1648\" alt=\"\" srcset=\"https:\/\/www.fne94.fr\/wp-content\/uploads\/2024\/02\/plui-pemb-crea3-02-2-300x225.png 300w, https:\/\/www.fne94.fr\/wp-content\/uploads\/2024\/02\/plui-pemb-crea3-02-2-1024x768.png 1024w, https:\/\/www.fne94.fr\/wp-content\/uploads\/2024\/02\/plui-pemb-crea3-02-2-768x576.png 768w, https:\/\/www.fne94.fr\/wp-content\/uploads\/2024\/02\/plui-pemb-crea3-02-2.png 1333w\" sizes=\"(max-width: 300px) 100vw, 300px\" \/>\n            <\/div>\n        <\/div><div class=\"eael-entry-wrapper\"><header class=\"eael-entry-header\"><h2 class=\"eael-entry-title\"><a\n                        class=\"eael-grid-post-link\"\n                        href=\"https:\/\/www.fne94.fr\/index.php\/2023\/11\/16\/contribution-et-avis-de-fn\/\"\n                        title=\"Contribution et avis de FNE 94 sur le PLUI de PEMB (Paris-Est Marne et Bois)\">Contribution et avis de FNE 94 sur le PLUI de PEMB (Paris-Est Marne et Bois)<\/a><\/h2><\/header><div class=\"eael-entry-content\">\n                        <div class=\"eael-grid-post-excerpt\"><p>Contribution et avis de Val-de-Marne Environnement (France Nature Environnement 94)\u00a0:...<\/p><a\n                            href=\"https:\/\/www.fne94.fr\/index.php\/2023\/11\/16\/contribution-et-avis-de-fn\/\"\n                            class=\"eael-post-elements-readmore-btn\">Lire plus<\/a><\/div>\n                    <\/div><div class=\"eael-entry-footer\"><div class=\"eael-entry-meta\"><span class=\"eael-posted-on\"><time datetime=\"16 novembre 2023\">16 novembre 2023<\/time><\/span><\/div><\/div><\/div><\/div>\n        <\/div>\n    <\/article><\/div>\n            <div class=\"clearfix\"><\/div>\n        <\/div>\t\t<\/div>\n\t\t\t\t<\/div>\n\t\t\t\t\t<\/div>\n\t\t<\/div>\n\t\t\t\t\t<\/div>\n\t\t<\/section>\n\t\t\t\t<\/div>\n\t\t","protected":false},"excerpt":{"rendered":"<p>Ligne 15 Est &#8211; Une nouvelle gare mais \u00e0 quel prix pour les riverains du Perreux La gouvernance de la Soci\u00e9t\u00e9 du Grand Paris, devenue Soci\u00e9t\u00e9&#8230; Lire plus 23 juin 2025 SOUTENEZ LE RECOURS DE FNE 94\u00a0 CONTRE LE\u00a0 PLUI de PARIS EST MARNE ET BOIS SOUTENEZ LE RECOURS DE FNE 94\u00a0 CONTRE LE\u00a0 PLUI [&hellip;]<\/p>\n","protected":false},"author":1,"featured_media":0,"parent":0,"menu_order":0,"comment_status":"closed","ping_status":"closed","template":"","meta":{"_exactmetrics_skip_tracking":false,"_exactmetrics_sitenote_active":false,"_exactmetrics_sitenote_note":"","_exactmetrics_sitenote_category":0,"ocean_post_layout":"full-width","ocean_both_sidebars_style":"","ocean_both_sidebars_content_width":0,"ocean_both_sidebars_sidebars_width":0,"ocean_sidebar":"0","ocean_second_sidebar":"0","ocean_disable_margins":"enable","ocean_add_body_class":"","ocean_shortcode_before_top_bar":"","ocean_shortcode_after_top_bar":"","ocean_shortcode_before_header":"","ocean_shortcode_after_header":"","ocean_has_shortcode":"","ocean_shortcode_after_title":"","ocean_shortcode_before_footer_widgets":"","ocean_shortcode_after_footer_widgets":"","ocean_shortcode_before_footer_bottom":"","ocean_shortcode_after_footer_bottom":"","ocean_display_top_bar":"default","ocean_display_header":"default","ocean_header_style":"","ocean_center_header_left_menu":"0","ocean_custom_header_template":"0","ocean_custom_logo":0,"ocean_custom_retina_logo":0,"ocean_custom_logo_max_width":0,"ocean_custom_logo_tablet_max_width":0,"ocean_custom_logo_mobile_max_width":0,"ocean_custom_logo_max_height":0,"ocean_custom_logo_tablet_max_height":0,"ocean_custom_logo_mobile_max_height":0,"ocean_header_custom_menu":"0","ocean_menu_typo_font_family":"0","ocean_menu_typo_font_subset":"","ocean_menu_typo_font_size":0,"ocean_menu_typo_font_size_tablet":0,"ocean_menu_typo_font_size_mobile":0,"ocean_menu_typo_font_size_unit":"px","ocean_menu_typo_font_weight":"","ocean_menu_typo_font_weight_tablet":"","ocean_menu_typo_font_weight_mobile":"","ocean_menu_typo_transform":"","ocean_menu_typo_transform_tablet":"","ocean_menu_typo_transform_mobile":"","ocean_menu_typo_line_height":0,"ocean_menu_typo_line_height_tablet":0,"ocean_menu_typo_line_height_mobile":0,"ocean_menu_typo_line_height_unit":"","ocean_menu_typo_spacing":0,"ocean_menu_typo_spacing_tablet":0,"ocean_menu_typo_spacing_mobile":0,"ocean_menu_typo_spacing_unit":"","ocean_menu_link_color":"","ocean_menu_link_color_hover":"","ocean_menu_link_color_active":"","ocean_menu_link_background":"","ocean_menu_link_hover_background":"","ocean_menu_link_active_background":"","ocean_menu_social_links_bg":"","ocean_menu_social_hover_links_bg":"","ocean_menu_social_links_color":"","ocean_menu_social_hover_links_color":"","ocean_disable_title":"default","ocean_disable_heading":"default","ocean_post_title":"","ocean_post_subheading":"","ocean_post_title_style":"","ocean_post_title_background_color":"","ocean_post_title_background":0,"ocean_post_title_bg_image_position":"","ocean_post_title_bg_image_attachment":"","ocean_post_title_bg_image_repeat":"","ocean_post_title_bg_image_size":"","ocean_post_title_height":0,"ocean_post_title_bg_overlay":0.5,"ocean_post_title_bg_overlay_color":"","ocean_disable_breadcrumbs":"default","ocean_breadcrumbs_color":"","ocean_breadcrumbs_separator_color":"","ocean_breadcrumbs_links_color":"","ocean_breadcrumbs_links_hover_color":"","ocean_display_footer_widgets":"default","ocean_display_footer_bottom":"default","ocean_custom_footer_template":"0","cybocfi_hide_featured_image":"","footnotes":""},"class_list":["post-2212","page","type-page","status-publish","hentry","entry","has-media"],"_links":{"self":[{"href":"https:\/\/www.fne94.fr\/index.php\/wp-json\/wp\/v2\/pages\/2212"}],"collection":[{"href":"https:\/\/www.fne94.fr\/index.php\/wp-json\/wp\/v2\/pages"}],"about":[{"href":"https:\/\/www.fne94.fr\/index.php\/wp-json\/wp\/v2\/types\/page"}],"author":[{"embeddable":true,"href":"https:\/\/www.fne94.fr\/index.php\/wp-json\/wp\/v2\/users\/1"}],"replies":[{"embeddable":true,"href":"https:\/\/www.fne94.fr\/index.php\/wp-json\/wp\/v2\/comments?post=2212"}],"version-history":[{"count":7,"href":"https:\/\/www.fne94.fr\/index.php\/wp-json\/wp\/v2\/pages\/2212\/revisions"}],"predecessor-version":[{"id":2229,"href":"https:\/\/www.fne94.fr\/index.php\/wp-json\/wp\/v2\/pages\/2212\/revisions\/2229"}],"wp:attachment":[{"href":"https:\/\/www.fne94.fr\/index.php\/wp-json\/wp\/v2\/media?parent=2212"}],"curies":[{"name":"wp","href":"https:\/\/api.w.org\/{rel}","templated":true}]}}